{"id":583,"date":"2026-04-06T05:55:32","date_gmt":"2026-04-06T05:55:32","guid":{"rendered":"https:\/\/www.charlotterichardphotographe.com\/?page_id=583"},"modified":"2026-04-13T05:51:49","modified_gmt":"2026-04-13T05:51:49","slug":"lignes-et-lumieres","status":"publish","type":"page","link":"https:\/\/www.charlotterichardphotographe.com\/index.php\/lignes-et-lumieres\/","title":{"rendered":"Lignes et lumi\u00e8res"},"content":{"rendered":"\t\t<div data-elementor-type=\"wp-page\" data-elementor-id=\"583\" class=\"elementor elementor-583\" data-elementor-post-type=\"page\">\n\t\t\t\t<div class=\"elementor-element elementor-element-0993d9e e-flex e-con-boxed e-con e-parent\" data-id=\"0993d9e\" data-element_type=\"container\" data-e-type=\"container\">\n\t\t\t\t\t<div class=\"e-con-inner\">\n\t\t\t\t<div class=\"elementor-element elementor-element-32d2747 elementor-widget elementor-widget-button\" data-id=\"32d2747\" data-element_type=\"widget\" data-e-type=\"widget\" data-widget_type=\"button.default\">\n\t\t\t\t\t\t\t\t\t\t<a class=\"elementor-button elementor-button-link elementor-size-sm\" href=\"https:\/\/www.charlotterichardphotographe.com\/\">\n\t\t\t\t\t\t<span class=\"elementor-button-content-wrapper\">\n\t\t\t\t\t\t\t\t\t<span class=\"elementor-button-text\">Accueil<\/span>\n\t\t\t\t\t<\/span>\n\t\t\t\t\t<\/a>\n\t\t\t\t\t\t\t\t<\/div>\n\t\t\t\t<div class=\"elementor-element elementor-element-b39ce1c elementor-widget elementor-widget-heading\" data-id=\"b39ce1c\" data-element_type=\"widget\" data-e-type=\"widget\" data-widget_type=\"heading.default\">\n\t\t\t\t\t<h2 class=\"elementor-heading-title elementor-size-default\">LIGNES ET LUMI\u00c8RES<\/h2>\t\t\t\t<\/div>\n\t\t\t\t<div class=\"elementor-element elementor-element-01e4eb6 elementor-widget elementor-widget-text-editor\" data-id=\"01e4eb6\" data-element_type=\"widget\" data-e-type=\"widget\" data-widget_type=\"text-editor.default\">\n\t\t\t\t\t\t\t\t\t<p>Ma <strong>premi\u00e8re Exposition-vente<\/strong>, s&#8217;est tenu le 3 et 11 d\u00e9cembre 2025 \u00e0 l\u2019Esquisse agency o\u00f9 j\u2019ai eu le plaisir de pr\u00e9senter mes cr\u00e9ations.<\/p>\t\t\t\t\t\t\t\t<\/div>\n\t\t\t\t\t<\/div>\n\t\t\t\t<\/div>\n\t\t<div class=\"elementor-element elementor-element-72ec43e e-flex e-con-boxed e-con e-parent\" data-id=\"72ec43e\" data-element_type=\"container\" data-e-type=\"container\">\n\t\t\t\t\t<div class=\"e-con-inner\">\n\t\t<div class=\"elementor-element elementor-element-f3010a4 e-con-full e-flex e-con e-child\" data-id=\"f3010a4\" data-element_type=\"container\" data-e-type=\"container\">\n\t\t\t\t<div class=\"elementor-element elementor-element-c38c59a elementor-align-center elementor-widget elementor-widget-button\" data-id=\"c38c59a\" data-element_type=\"widget\" data-e-type=\"widget\" data-widget_type=\"button.default\">\n\t\t\t\t\t\t\t\t\t\t<a class=\"elementor-button elementor-button-link elementor-size-sm\" href=\"https:\/\/www.charlotterichardphotographe.com\/index.php\/pont-de-bordeaux\/\">\n\t\t\t\t\t\t<span class=\"elementor-button-content-wrapper\">\n\t\t\t\t\t\t\t\t\t<span class=\"elementor-button-text\">Ponts de Bordeaux<\/span>\n\t\t\t\t\t<\/span>\n\t\t\t\t\t<\/a>\n\t\t\t\t\t\t\t\t<\/div>\n\t\t\t\t<\/div>\n\t\t<div class=\"elementor-element elementor-element-8753746 e-con-full e-flex e-con e-child\" data-id=\"8753746\" data-element_type=\"container\" data-e-type=\"container\">\n\t\t\t\t<div class=\"elementor-element elementor-element-d54adac elementor-align-center elementor-widget elementor-widget-button\" data-id=\"d54adac\" data-element_type=\"widget\" data-e-type=\"widget\" data-widget_type=\"button.default\">\n\t\t\t\t\t\t\t\t\t\t<a class=\"elementor-button elementor-button-link elementor-size-sm\" href=\"https:\/\/www.charlotterichardphotographe.com\/index.php\/places-de-bordeaux\/\">\n\t\t\t\t\t\t<span class=\"elementor-button-content-wrapper\">\n\t\t\t\t\t\t\t\t\t<span class=\"elementor-button-text\">Places de Bordeaux<\/span>\n\t\t\t\t\t<\/span>\n\t\t\t\t\t<\/a>\n\t\t\t\t\t\t\t\t<\/div>\n\t\t\t\t<\/div>\n\t\t<div class=\"elementor-element elementor-element-5a951fe e-con-full e-flex e-con e-child\" data-id=\"5a951fe\" data-element_type=\"container\" data-e-type=\"container\">\n\t\t\t\t<div class=\"elementor-element elementor-element-ca3b067 elementor-align-center elementor-widget elementor-widget-button\" data-id=\"ca3b067\" data-element_type=\"widget\" data-e-type=\"widget\" data-widget_type=\"button.default\">\n\t\t\t\t\t\t\t\t\t\t<a class=\"elementor-button elementor-button-link elementor-size-sm\" href=\"https:\/\/www.charlotterichardphotographe.com\/index.php\/parcs-et-jardins\/\">\n\t\t\t\t\t\t<span class=\"elementor-button-content-wrapper\">\n\t\t\t\t\t\t\t\t\t<span class=\"elementor-button-text\">Parc &amp; Jardins<\/span>\n\t\t\t\t\t<\/span>\n\t\t\t\t\t<\/a>\n\t\t\t\t\t\t\t\t<\/div>\n\t\t\t\t<\/div>\n\t\t<div class=\"elementor-element elementor-element-483f812 e-con-full e-flex e-con e-child\" data-id=\"483f812\" data-element_type=\"container\" data-e-type=\"container\">\n\t\t\t\t<div class=\"elementor-element elementor-element-fc32238 elementor-align-center elementor-widget elementor-widget-button\" data-id=\"fc32238\" data-element_type=\"widget\" data-e-type=\"widget\" data-widget_type=\"button.default\">\n\t\t\t\t\t\t\t\t\t\t<a class=\"elementor-button elementor-button-link elementor-size-sm\" href=\"https:\/\/www.charlotterichardphotographe.com\/index.php\/grand-theatre\/\">\n\t\t\t\t\t\t<span class=\"elementor-button-content-wrapper\">\n\t\t\t\t\t\t\t\t\t<span class=\"elementor-button-text\">Grand Th\u00e9atre<\/span>\n\t\t\t\t\t<\/span>\n\t\t\t\t\t<\/a>\n\t\t\t\t\t\t\t\t<\/div>\n\t\t\t\t<\/div>\n\t\t<div class=\"elementor-element elementor-element-a7a1a7a e-con-full e-flex e-con e-child\" data-id=\"a7a1a7a\" data-element_type=\"container\" data-e-type=\"container\">\n\t\t\t\t<div class=\"elementor-element elementor-element-6f75ade elementor-align-center elementor-widget elementor-widget-button\" data-id=\"6f75ade\" data-element_type=\"widget\" data-e-type=\"widget\" data-widget_type=\"button.default\">\n\t\t\t\t\t\t\t\t\t\t<a class=\"elementor-button elementor-button-link elementor-size-sm\" href=\"https:\/\/www.charlotterichardphotographe.com\/index.php\/region-bordelaise\/\">\n\t\t\t\t\t\t<span class=\"elementor-button-content-wrapper\">\n\t\t\t\t\t\t\t\t\t<span class=\"elementor-button-text\">R\u00e9gion bordelaise<\/span>\n\t\t\t\t\t<\/span>\n\t\t\t\t\t<\/a>\n\t\t\t\t\t\t\t\t<\/div>\n\t\t\t\t<\/div>\n\t\t\t\t\t<\/div>\n\t\t\t\t<\/div>\n\t\t<div class=\"elementor-element elementor-element-b68ae5b e-flex e-con-boxed e-con e-parent\" data-id=\"b68ae5b\" data-element_type=\"container\" data-e-type=\"container\">\n\t\t\t\t\t<div class=\"e-con-inner\">\n\t\t\t\t<div class=\"elementor-element elementor-element-680c7c1 elementor-widget elementor-widget-gallery\" data-id=\"680c7c1\" data-element_type=\"widget\" data-e-type=\"widget\" data-settings=\"{&quot;gallery_layout&quot;:&quot;masonry&quot;,&quot;columns&quot;:3,&quot;image_hover_animation&quot;:&quot;shrink-contained&quot;,&quot;content_hover_animation&quot;:&quot;grow&quot;,&quot;lazyload&quot;:&quot;yes&quot;,&quot;columns_tablet&quot;:2,&quot;columns_mobile&quot;:1,&quot;gap&quot;:{&quot;unit&quot;:&quot;px&quot;,&quot;size&quot;:10,&quot;sizes&quot;:[]},&quot;gap_tablet&quot;:{&quot;unit&quot;:&quot;px&quot;,&quot;size&quot;:10,&quot;sizes&quot;:[]},&quot;gap_mobile&quot;:{&quot;unit&quot;:&quot;px&quot;,&quot;size&quot;:10,&quot;sizes&quot;:[]},&quot;link_to&quot;:&quot;file&quot;,&quot;overlay_background&quot;:&quot;yes&quot;}\" data-widget_type=\"gallery.default\">\n\t\t\t\t\t\t\t<div class=\"elementor-gallery__container\">\n\t\t\t\t\t\t\t<a class=\"e-gallery-item elementor-gallery-item elementor-animated-content\" href=\"https:\/\/www.charlotterichardphotographe.com\/wp-content\/uploads\/2026\/04\/pont-bateau-scaled.jpg\" data-elementor-open-lightbox=\"yes\" data-elementor-lightbox-slideshow=\"680c7c1\" data-elementor-lightbox-title=\"Pont-&amp;-bateau\" data-e-action-hash=\"#elementor-action%3Aaction%3Dlightbox%26settings%3DeyJpZCI6NTk4LCJ1cmwiOiJodHRwczpcL1wvd3d3LmNoYXJsb3R0ZXJpY2hhcmRwaG90b2dyYXBoZS5jb21cL3dwLWNvbnRlbnRcL3VwbG9hZHNcLzIwMjZcLzA0XC9wb250LWJhdGVhdS1zY2FsZWQuanBnIiwic2xpZGVzaG93IjoiNjgwYzdjMSJ9\">\n\t\t\t\t\t<div class=\"e-gallery-image elementor-gallery-item__image\" data-thumbnail=\"https:\/\/www.charlotterichardphotographe.com\/wp-content\/uploads\/2026\/04\/pont-bateau-scaled.jpg\" data-width=\"2560\" data-height=\"1706\" aria-label=\"\" role=\"img\" ><\/div>\n\t\t\t\t\t\t\t\t\t\t\t<div class=\"elementor-gallery-item__overlay\"><\/div>\n\t\t\t\t\t\t\t\t\t\t\t\t\t\t<\/a>\n\t\t\t\t\t\t\t<a class=\"e-gallery-item elementor-gallery-item elementor-animated-content\" href=\"https:\/\/www.charlotterichardphotographe.com\/wp-content\/uploads\/2026\/04\/week-end-2-scaled.jpg\" data-elementor-open-lightbox=\"yes\" data-elementor-lightbox-slideshow=\"680c7c1\" data-elementor-lightbox-title=\"Pont-de-Pierre\" data-e-action-hash=\"#elementor-action%3Aaction%3Dlightbox%26settings%3DeyJpZCI6NTk5LCJ1cmwiOiJodHRwczpcL1wvd3d3LmNoYXJsb3R0ZXJpY2hhcmRwaG90b2dyYXBoZS5jb21cL3dwLWNvbnRlbnRcL3VwbG9hZHNcLzIwMjZcLzA0XC93ZWVrLWVuZC0yLXNjYWxlZC5qcGciLCJzbGlkZXNob3ciOiI2ODBjN2MxIn0%3D\">\n\t\t\t\t\t<div class=\"e-gallery-image elementor-gallery-item__image\" data-thumbnail=\"https:\/\/www.charlotterichardphotographe.com\/wp-content\/uploads\/2026\/04\/week-end-2-scaled.jpg\" data-width=\"2560\" data-height=\"1706\" aria-label=\"\" role=\"img\" ><\/div>\n\t\t\t\t\t\t\t\t\t\t\t<div class=\"elementor-gallery-item__overlay\"><\/div>\n\t\t\t\t\t\t\t\t\t\t\t\t\t\t<\/a>\n\t\t\t\t\t\t\t<a class=\"e-gallery-item elementor-gallery-item elementor-animated-content\" href=\"https:\/\/www.charlotterichardphotographe.com\/wp-content\/uploads\/2026\/04\/IMG_8191.jpg\" data-elementor-open-lightbox=\"yes\" data-elementor-lightbox-slideshow=\"680c7c1\" data-elementor-lightbox-title=\"Mat-de-bateau\" data-e-action-hash=\"#elementor-action%3Aaction%3Dlightbox%26settings%3DeyJpZCI6NjExLCJ1cmwiOiJodHRwczpcL1wvd3d3LmNoYXJsb3R0ZXJpY2hhcmRwaG90b2dyYXBoZS5jb21cL3dwLWNvbnRlbnRcL3VwbG9hZHNcLzIwMjZcLzA0XC9JTUdfODE5MS5qcGciLCJzbGlkZXNob3ciOiI2ODBjN2MxIn0%3D\">\n\t\t\t\t\t<div class=\"e-gallery-image elementor-gallery-item__image\" data-thumbnail=\"https:\/\/www.charlotterichardphotographe.com\/wp-content\/uploads\/2026\/04\/IMG_8191.jpg\" data-width=\"1000\" data-height=\"1500\" aria-label=\"\" role=\"img\" ><\/div>\n\t\t\t\t\t\t\t\t\t\t\t<div class=\"elementor-gallery-item__overlay\"><\/div>\n\t\t\t\t\t\t\t\t\t\t\t\t\t\t<\/a>\n\t\t\t\t\t\t\t<a class=\"e-gallery-item elementor-gallery-item elementor-animated-content\" href=\"https:\/\/www.charlotterichardphotographe.com\/wp-content\/uploads\/2026\/04\/fleur-fleche-copie-scaled.jpg\" data-elementor-open-lightbox=\"yes\" data-elementor-lightbox-slideshow=\"680c7c1\" data-elementor-lightbox-title=\"Fleur-et-fl\u00e8che\" data-e-action-hash=\"#elementor-action%3Aaction%3Dlightbox%26settings%3DeyJpZCI6NjA0LCJ1cmwiOiJodHRwczpcL1wvd3d3LmNoYXJsb3R0ZXJpY2hhcmRwaG90b2dyYXBoZS5jb21cL3dwLWNvbnRlbnRcL3VwbG9hZHNcLzIwMjZcLzA0XC9mbGV1ci1mbGVjaGUtY29waWUtc2NhbGVkLmpwZyIsInNsaWRlc2hvdyI6IjY4MGM3YzEifQ%3D%3D\">\n\t\t\t\t\t<div class=\"e-gallery-image elementor-gallery-item__image\" data-thumbnail=\"https:\/\/www.charlotterichardphotographe.com\/wp-content\/uploads\/2026\/04\/fleur-fleche-copie-scaled.jpg\" data-width=\"1947\" data-height=\"2560\" aria-label=\"\" role=\"img\" ><\/div>\n\t\t\t\t\t\t\t\t\t\t\t<div class=\"elementor-gallery-item__overlay\"><\/div>\n\t\t\t\t\t\t\t\t\t\t\t\t\t\t<\/a>\n\t\t\t\t\t\t\t<a class=\"e-gallery-item elementor-gallery-item elementor-animated-content\" href=\"https:\/\/www.charlotterichardphotographe.com\/wp-content\/uploads\/2026\/04\/noel-nuit2.jpg\" data-elementor-open-lightbox=\"yes\" data-elementor-lightbox-slideshow=\"680c7c1\" data-elementor-lightbox-title=\"Nuit-de-noel\" data-e-action-hash=\"#elementor-action%3Aaction%3Dlightbox%26settings%3DeyJpZCI6NTk3LCJ1cmwiOiJodHRwczpcL1wvd3d3LmNoYXJsb3R0ZXJpY2hhcmRwaG90b2dyYXBoZS5jb21cL3dwLWNvbnRlbnRcL3VwbG9hZHNcLzIwMjZcLzA0XC9ub2VsLW51aXQyLmpwZyIsInNsaWRlc2hvdyI6IjY4MGM3YzEifQ%3D%3D\">\n\t\t\t\t\t<div class=\"e-gallery-image elementor-gallery-item__image\" data-thumbnail=\"https:\/\/www.charlotterichardphotographe.com\/wp-content\/uploads\/2026\/04\/noel-nuit2.jpg\" data-width=\"2025\" data-height=\"2468\" aria-label=\"\" role=\"img\" ><\/div>\n\t\t\t\t\t\t\t\t\t\t\t<div class=\"elementor-gallery-item__overlay\"><\/div>\n\t\t\t\t\t\t\t\t\t\t\t\t\t\t<\/a>\n\t\t\t\t\t\t\t<a class=\"e-gallery-item elementor-gallery-item elementor-animated-content\" href=\"https:\/\/www.charlotterichardphotographe.com\/wp-content\/uploads\/2026\/04\/brume-copie-scaled.jpg\" data-elementor-open-lightbox=\"yes\" data-elementor-lightbox-slideshow=\"680c7c1\" data-elementor-lightbox-title=\"Brume\" data-e-action-hash=\"#elementor-action%3Aaction%3Dlightbox%26settings%3DeyJpZCI6NjAwLCJ1cmwiOiJodHRwczpcL1wvd3d3LmNoYXJsb3R0ZXJpY2hhcmRwaG90b2dyYXBoZS5jb21cL3dwLWNvbnRlbnRcL3VwbG9hZHNcLzIwMjZcLzA0XC9icnVtZS1jb3BpZS1zY2FsZWQuanBnIiwic2xpZGVzaG93IjoiNjgwYzdjMSJ9\">\n\t\t\t\t\t<div class=\"e-gallery-image elementor-gallery-item__image\" data-thumbnail=\"https:\/\/www.charlotterichardphotographe.com\/wp-content\/uploads\/2026\/04\/brume-copie-scaled.jpg\" data-width=\"1706\" data-height=\"2560\" aria-label=\"\" role=\"img\" ><\/div>\n\t\t\t\t\t\t\t\t\t\t\t<div class=\"elementor-gallery-item__overlay\"><\/div>\n\t\t\t\t\t\t\t\t\t\t\t\t\t\t<\/a>\n\t\t\t\t\t\t\t<a class=\"e-gallery-item elementor-gallery-item elementor-animated-content\" href=\"https:\/\/www.charlotterichardphotographe.com\/wp-content\/uploads\/2026\/04\/IMG_1000.jpg\" data-elementor-open-lightbox=\"yes\" data-elementor-lightbox-slideshow=\"680c7c1\" data-elementor-lightbox-title=\"Cit\u00e9-du-vin\" data-e-action-hash=\"#elementor-action%3Aaction%3Dlightbox%26settings%3DeyJpZCI6NjA3LCJ1cmwiOiJodHRwczpcL1wvd3d3LmNoYXJsb3R0ZXJpY2hhcmRwaG90b2dyYXBoZS5jb21cL3dwLWNvbnRlbnRcL3VwbG9hZHNcLzIwMjZcLzA0XC9JTUdfMTAwMC5qcGciLCJzbGlkZXNob3ciOiI2ODBjN2MxIn0%3D\">\n\t\t\t\t\t<div class=\"e-gallery-image elementor-gallery-item__image\" data-thumbnail=\"https:\/\/www.charlotterichardphotographe.com\/wp-content\/uploads\/2026\/04\/IMG_1000.jpg\" data-width=\"1092\" data-height=\"1500\" aria-label=\"\" role=\"img\" ><\/div>\n\t\t\t\t\t\t\t\t\t\t\t<div class=\"elementor-gallery-item__overlay\"><\/div>\n\t\t\t\t\t\t\t\t\t\t\t\t\t\t<\/a>\n\t\t\t\t\t\t\t<a class=\"e-gallery-item elementor-gallery-item elementor-animated-content\" href=\"https:\/\/www.charlotterichardphotographe.com\/wp-content\/uploads\/2026\/04\/escalier-fleche-scaled.jpg\" data-elementor-open-lightbox=\"yes\" data-elementor-lightbox-slideshow=\"680c7c1\" data-elementor-lightbox-title=\"Escalier-&amp;-fl\u00e8che\" data-e-action-hash=\"#elementor-action%3Aaction%3Dlightbox%26settings%3DeyJpZCI6NjAyLCJ1cmwiOiJodHRwczpcL1wvd3d3LmNoYXJsb3R0ZXJpY2hhcmRwaG90b2dyYXBoZS5jb21cL3dwLWNvbnRlbnRcL3VwbG9hZHNcLzIwMjZcLzA0XC9lc2NhbGllci1mbGVjaGUtc2NhbGVkLmpwZyIsInNsaWRlc2hvdyI6IjY4MGM3YzEifQ%3D%3D\">\n\t\t\t\t\t<div class=\"e-gallery-image elementor-gallery-item__image\" data-thumbnail=\"https:\/\/www.charlotterichardphotographe.com\/wp-content\/uploads\/2026\/04\/escalier-fleche-scaled.jpg\" data-width=\"1706\" data-height=\"2560\" aria-label=\"\" role=\"img\" ><\/div>\n\t\t\t\t\t\t\t\t\t\t\t<div class=\"elementor-gallery-item__overlay\"><\/div>\n\t\t\t\t\t\t\t\t\t\t\t\t\t\t<\/a>\n\t\t\t\t\t\t\t<a class=\"e-gallery-item elementor-gallery-item elementor-animated-content\" href=\"https:\/\/www.charlotterichardphotographe.com\/wp-content\/uploads\/2026\/04\/IMG_6079.jpg\" data-elementor-open-lightbox=\"yes\" data-elementor-lightbox-slideshow=\"680c7c1\" data-elementor-lightbox-title=\"Clochets\" data-e-action-hash=\"#elementor-action%3Aaction%3Dlightbox%26settings%3DeyJpZCI6NjA5LCJ1cmwiOiJodHRwczpcL1wvd3d3LmNoYXJsb3R0ZXJpY2hhcmRwaG90b2dyYXBoZS5jb21cL3dwLWNvbnRlbnRcL3VwbG9hZHNcLzIwMjZcLzA0XC9JTUdfNjA3OS5qcGciLCJzbGlkZXNob3ciOiI2ODBjN2MxIn0%3D\">\n\t\t\t\t\t<div class=\"e-gallery-image elementor-gallery-item__image\" data-thumbnail=\"https:\/\/www.charlotterichardphotographe.com\/wp-content\/uploads\/2026\/04\/IMG_6079.jpg\" data-width=\"1110\" data-height=\"1500\" aria-label=\"\" role=\"img\" ><\/div>\n\t\t\t\t\t\t\t\t\t\t\t<div class=\"elementor-gallery-item__overlay\"><\/div>\n\t\t\t\t\t\t\t\t\t\t\t\t\t\t<\/a>\n\t\t\t\t\t\t\t<a class=\"e-gallery-item elementor-gallery-item elementor-animated-content\" href=\"https:\/\/www.charlotterichardphotographe.com\/wp-content\/uploads\/2026\/04\/cathderale_-scaled.jpg\" data-elementor-open-lightbox=\"yes\" data-elementor-lightbox-slideshow=\"680c7c1\" data-elementor-lightbox-title=\"Cathedrale\" data-e-action-hash=\"#elementor-action%3Aaction%3Dlightbox%26settings%3DeyJpZCI6NjAxLCJ1cmwiOiJodHRwczpcL1wvd3d3LmNoYXJsb3R0ZXJpY2hhcmRwaG90b2dyYXBoZS5jb21cL3dwLWNvbnRlbnRcL3VwbG9hZHNcLzIwMjZcLzA0XC9jYXRoZGVyYWxlXy1zY2FsZWQuanBnIiwic2xpZGVzaG93IjoiNjgwYzdjMSJ9\">\n\t\t\t\t\t<div class=\"e-gallery-image elementor-gallery-item__image\" data-thumbnail=\"https:\/\/www.charlotterichardphotographe.com\/wp-content\/uploads\/2026\/04\/cathderale_-scaled.jpg\" data-width=\"1706\" data-height=\"2560\" aria-label=\"\" role=\"img\" ><\/div>\n\t\t\t\t\t\t\t\t\t\t\t<div class=\"elementor-gallery-item__overlay\"><\/div>\n\t\t\t\t\t\t\t\t\t\t\t\t\t\t<\/a>\n\t\t\t\t\t\t\t<a class=\"e-gallery-item elementor-gallery-item elementor-animated-content\" href=\"https:\/\/www.charlotterichardphotographe.com\/wp-content\/uploads\/2026\/04\/l-automne.jpg\" data-elementor-open-lightbox=\"yes\" data-elementor-lightbox-slideshow=\"680c7c1\" data-elementor-lightbox-title=\"Automne\" data-e-action-hash=\"#elementor-action%3Aaction%3Dlightbox%26settings%3DeyJpZCI6NTk0LCJ1cmwiOiJodHRwczpcL1wvd3d3LmNoYXJsb3R0ZXJpY2hhcmRwaG90b2dyYXBoZS5jb21cL3dwLWNvbnRlbnRcL3VwbG9hZHNcLzIwMjZcLzA0XC9sLWF1dG9tbmUuanBnIiwic2xpZGVzaG93IjoiNjgwYzdjMSJ9\">\n\t\t\t\t\t<div class=\"e-gallery-image elementor-gallery-item__image\" data-thumbnail=\"https:\/\/www.charlotterichardphotographe.com\/wp-content\/uploads\/2026\/04\/l-automne.jpg\" data-width=\"2061\" data-height=\"2425\" aria-label=\"\" role=\"img\" ><\/div>\n\t\t\t\t\t\t\t\t\t\t\t<div class=\"elementor-gallery-item__overlay\"><\/div>\n\t\t\t\t\t\t\t\t\t\t\t\t\t\t<\/a>\n\t\t\t\t\t\t\t<a class=\"e-gallery-item elementor-gallery-item elementor-animated-content\" href=\"https:\/\/www.charlotterichardphotographe.com\/wp-content\/uploads\/2026\/04\/long-exposition-scaled.jpg\" data-elementor-open-lightbox=\"yes\" data-elementor-lightbox-slideshow=\"680c7c1\" data-elementor-lightbox-title=\"Reverb\" data-e-action-hash=\"#elementor-action%3Aaction%3Dlightbox%26settings%3DeyJpZCI6NTk1LCJ1cmwiOiJodHRwczpcL1wvd3d3LmNoYXJsb3R0ZXJpY2hhcmRwaG90b2dyYXBoZS5jb21cL3dwLWNvbnRlbnRcL3VwbG9hZHNcLzIwMjZcLzA0XC9sb25nLWV4cG9zaXRpb24tc2NhbGVkLmpwZyIsInNsaWRlc2hvdyI6IjY4MGM3YzEifQ%3D%3D\">\n\t\t\t\t\t<div class=\"e-gallery-image elementor-gallery-item__image\" data-thumbnail=\"https:\/\/www.charlotterichardphotographe.com\/wp-content\/uploads\/2026\/04\/long-exposition-scaled.jpg\" data-width=\"1891\" data-height=\"2560\" aria-label=\"\" role=\"img\" ><\/div>\n\t\t\t\t\t\t\t\t\t\t\t<div class=\"elementor-gallery-item__overlay\"><\/div>\n\t\t\t\t\t\t\t\t\t\t\t\t\t\t<\/a>\n\t\t\t\t\t\t\t<a class=\"e-gallery-item elementor-gallery-item elementor-animated-content\" href=\"https:\/\/www.charlotterichardphotographe.com\/wp-content\/uploads\/2026\/04\/feuille-autmone.jpg\" data-elementor-open-lightbox=\"yes\" data-elementor-lightbox-slideshow=\"680c7c1\" data-elementor-lightbox-title=\"feuille-d&#039;automne\" data-e-action-hash=\"#elementor-action%3Aaction%3Dlightbox%26settings%3DeyJpZCI6NjAzLCJ1cmwiOiJodHRwczpcL1wvd3d3LmNoYXJsb3R0ZXJpY2hhcmRwaG90b2dyYXBoZS5jb21cL3dwLWNvbnRlbnRcL3VwbG9hZHNcLzIwMjZcLzA0XC9mZXVpbGxlLWF1dG1vbmUuanBnIiwic2xpZGVzaG93IjoiNjgwYzdjMSJ9\">\n\t\t\t\t\t<div class=\"e-gallery-image elementor-gallery-item__image\" data-thumbnail=\"https:\/\/www.charlotterichardphotographe.com\/wp-content\/uploads\/2026\/04\/feuille-autmone.jpg\" data-width=\"1966\" data-height=\"2541\" aria-label=\"\" role=\"img\" ><\/div>\n\t\t\t\t\t\t\t\t\t\t\t<div class=\"elementor-gallery-item__overlay\"><\/div>\n\t\t\t\t\t\t\t\t\t\t\t\t\t\t<\/a>\n\t\t\t\t\t\t\t<a class=\"e-gallery-item elementor-gallery-item elementor-animated-content\" href=\"https:\/\/www.charlotterichardphotographe.com\/wp-content\/uploads\/2026\/04\/lune_-nuit-scaled.jpg\" data-elementor-open-lightbox=\"yes\" data-elementor-lightbox-slideshow=\"680c7c1\" data-elementor-lightbox-title=\"Fl\u00e8che-de-lune\" data-e-action-hash=\"#elementor-action%3Aaction%3Dlightbox%26settings%3DeyJpZCI6NTk2LCJ1cmwiOiJodHRwczpcL1wvd3d3LmNoYXJsb3R0ZXJpY2hhcmRwaG90b2dyYXBoZS5jb21cL3dwLWNvbnRlbnRcL3VwbG9hZHNcLzIwMjZcLzA0XC9sdW5lXy1udWl0LXNjYWxlZC5qcGciLCJzbGlkZXNob3ciOiI2ODBjN2MxIn0%3D\">\n\t\t\t\t\t<div class=\"e-gallery-image elementor-gallery-item__image\" data-thumbnail=\"https:\/\/www.charlotterichardphotographe.com\/wp-content\/uploads\/2026\/04\/lune_-nuit-scaled.jpg\" data-width=\"1863\" data-height=\"2560\" aria-label=\"\" role=\"img\" ><\/div>\n\t\t\t\t\t\t\t\t\t\t\t<div class=\"elementor-gallery-item__overlay\"><\/div>\n\t\t\t\t\t\t\t\t\t\t\t\t\t\t<\/a>\n\t\t\t\t\t\t\t<a class=\"e-gallery-item elementor-gallery-item elementor-animated-content\" href=\"https:\/\/www.charlotterichardphotographe.com\/wp-content\/uploads\/2026\/04\/girondin-fiontaine-7-scaled.jpg\" data-elementor-open-lightbox=\"yes\" data-elementor-lightbox-slideshow=\"680c7c1\" data-elementor-lightbox-title=\"Fontaine-des-girdondins\" data-e-action-hash=\"#elementor-action%3Aaction%3Dlightbox%26settings%3DeyJpZCI6NjE5LCJ1cmwiOiJodHRwczpcL1wvd3d3LmNoYXJsb3R0ZXJpY2hhcmRwaG90b2dyYXBoZS5jb21cL3dwLWNvbnRlbnRcL3VwbG9hZHNcLzIwMjZcLzA0XC9naXJvbmRpbi1maW9udGFpbmUtNy1zY2FsZWQuanBnIiwic2xpZGVzaG93IjoiNjgwYzdjMSJ9\">\n\t\t\t\t\t<div class=\"e-gallery-image elementor-gallery-item__image\" data-thumbnail=\"https:\/\/www.charlotterichardphotographe.com\/wp-content\/uploads\/2026\/04\/girondin-fiontaine-7-scaled.jpg\" data-width=\"1920\" data-height=\"2560\" aria-label=\"\" role=\"img\" ><\/div>\n\t\t\t\t\t\t\t\t\t\t\t<div class=\"elementor-gallery-item__overlay\"><\/div>\n\t\t\t\t\t\t\t\t\t\t\t\t\t\t<\/a>\n\t\t\t\t\t\t\t<a class=\"e-gallery-item elementor-gallery-item elementor-animated-content\" href=\"https:\/\/www.charlotterichardphotographe.com\/wp-content\/uploads\/2026\/04\/IMG_8186.jpg\" data-elementor-open-lightbox=\"yes\" data-elementor-lightbox-slideshow=\"680c7c1\" data-elementor-lightbox-title=\"Mat-de-voilier\" data-e-action-hash=\"#elementor-action%3Aaction%3Dlightbox%26settings%3DeyJpZCI6NjEwLCJ1cmwiOiJodHRwczpcL1wvd3d3LmNoYXJsb3R0ZXJpY2hhcmRwaG90b2dyYXBoZS5jb21cL3dwLWNvbnRlbnRcL3VwbG9hZHNcLzIwMjZcLzA0XC9JTUdfODE4Ni5qcGciLCJzbGlkZXNob3ciOiI2ODBjN2MxIn0%3D\">\n\t\t\t\t\t<div class=\"e-gallery-image elementor-gallery-item__image\" data-thumbnail=\"https:\/\/www.charlotterichardphotographe.com\/wp-content\/uploads\/2026\/04\/IMG_8186.jpg\" data-width=\"1000\" data-height=\"1500\" aria-label=\"\" role=\"img\" ><\/div>\n\t\t\t\t\t\t\t\t\t\t\t<div class=\"elementor-gallery-item__overlay\"><\/div>\n\t\t\t\t\t\t\t\t\t\t\t\t\t\t<\/a>\n\t\t\t\t\t\t\t<a class=\"e-gallery-item elementor-gallery-item elementor-animated-content\" href=\"https:\/\/www.charlotterichardphotographe.com\/wp-content\/uploads\/2026\/04\/IMG_0967.jpg\" data-elementor-open-lightbox=\"yes\" data-elementor-lightbox-slideshow=\"680c7c1\" data-elementor-lightbox-title=\"Quinconces\" data-e-action-hash=\"#elementor-action%3Aaction%3Dlightbox%26settings%3DeyJpZCI6NjA2LCJ1cmwiOiJodHRwczpcL1wvd3d3LmNoYXJsb3R0ZXJpY2hhcmRwaG90b2dyYXBoZS5jb21cL3dwLWNvbnRlbnRcL3VwbG9hZHNcLzIwMjZcLzA0XC9JTUdfMDk2Ny5qcGciLCJzbGlkZXNob3ciOiI2ODBjN2MxIn0%3D\">\n\t\t\t\t\t<div class=\"e-gallery-image elementor-gallery-item__image\" data-thumbnail=\"https:\/\/www.charlotterichardphotographe.com\/wp-content\/uploads\/2026\/04\/IMG_0967.jpg\" data-width=\"1176\" data-height=\"1500\" aria-label=\"\" role=\"img\" ><\/div>\n\t\t\t\t\t\t\t\t\t\t\t<div class=\"elementor-gallery-item__overlay\"><\/div>\n\t\t\t\t\t\t\t\t\t\t\t\t\t\t<\/a>\n\t\t\t\t\t\t\t<a class=\"e-gallery-item elementor-gallery-item elementor-animated-content\" href=\"https:\/\/www.charlotterichardphotographe.com\/wp-content\/uploads\/2026\/04\/IMG_2482.jpg\" data-elementor-open-lightbox=\"yes\" data-elementor-lightbox-slideshow=\"680c7c1\" data-elementor-lightbox-title=\"Place-de-la-bours\" data-e-action-hash=\"#elementor-action%3Aaction%3Dlightbox%26settings%3DeyJpZCI6NjA4LCJ1cmwiOiJodHRwczpcL1wvd3d3LmNoYXJsb3R0ZXJpY2hhcmRwaG90b2dyYXBoZS5jb21cL3dwLWNvbnRlbnRcL3VwbG9hZHNcLzIwMjZcLzA0XC9JTUdfMjQ4Mi5qcGciLCJzbGlkZXNob3ciOiI2ODBjN2MxIn0%3D\">\n\t\t\t\t\t<div class=\"e-gallery-image elementor-gallery-item__image\" data-thumbnail=\"https:\/\/www.charlotterichardphotographe.com\/wp-content\/uploads\/2026\/04\/IMG_2482.jpg\" data-width=\"1500\" data-height=\"850\" aria-label=\"\" role=\"img\" ><\/div>\n\t\t\t\t\t\t\t\t\t\t\t<div class=\"elementor-gallery-item__overlay\"><\/div>\n\t\t\t\t\t\t\t\t\t\t\t\t\t\t<\/a>\n\t\t\t\t\t<\/div>\n\t\t\t\t\t<\/div>\n\t\t\t\t\t<\/div>\n\t\t\t\t<\/div>\n\t\t\t\t<\/div>\n\t\t","protected":false},"excerpt":{"rendered":"<p>Accueil LIGNES ET LUMI\u00c8RES Ma premi\u00e8re Exposition-vente, s&#8217;est tenu le 3 et 11 d\u00e9cembre 2025 \u00e0 l\u2019Esquisse agency o\u00f9 j\u2019ai eu le plaisir de pr\u00e9senter mes cr\u00e9ations. Ponts de Bordeaux Places de Bordeaux Parc &amp; Jardins Grand Th\u00e9atre R\u00e9gion bordelaise<\/p>\n","protected":false},"author":1,"featured_media":0,"parent":0,"menu_order":0,"comment_status":"closed","ping_status":"closed","template":"","meta":{"footnotes":""},"class_list":["post-583","page","type-page","status-publish","hentry"],"_links":{"self":[{"href":"https:\/\/www.charlotterichardphotographe.com\/index.php\/wp-json\/wp\/v2\/pages\/583","targetHints":{"allow":["GET"]}}],"collection":[{"href":"https:\/\/www.charlotterichardphotographe.com\/index.php\/wp-json\/wp\/v2\/pages"}],"about":[{"href":"https:\/\/www.charlotterichardphotographe.com\/index.php\/wp-json\/wp\/v2\/types\/page"}],"author":[{"embeddable":true,"href":"https:\/\/www.charlotterichardphotographe.com\/index.php\/wp-json\/wp\/v2\/users\/1"}],"replies":[{"embeddable":true,"href":"https:\/\/www.charlotterichardphotographe.com\/index.php\/wp-json\/wp\/v2\/comments?post=583"}],"version-history":[{"count":43,"href":"https:\/\/www.charlotterichardphotographe.com\/index.php\/wp-json\/wp\/v2\/pages\/583\/revisions"}],"predecessor-version":[{"id":750,"href":"https:\/\/www.charlotterichardphotographe.com\/index.php\/wp-json\/wp\/v2\/pages\/583\/revisions\/750"}],"wp:attachment":[{"href":"https:\/\/www.charlotterichardphotographe.com\/index.php\/wp-json\/wp\/v2\/media?parent=583"}],"curies":[{"name":"wp","href":"https:\/\/api.w.org\/{rel}","templated":true}]}}